{"id":1126,"date":"2025-05-15T14:19:00","date_gmt":"2025-05-15T14:19:00","guid":{"rendered":"http:\/\/felastec.cyon.link\/?page_id=1126"},"modified":"2026-03-31T06:03:11","modified_gmt":"2026-03-31T06:03:11","slug":"contact-2","status":"publish","type":"page","link":"https:\/\/felastec.ch\/fr\/contact-2\/","title":{"rendered":"Mentions l\u00e9gales"},"content":{"rendered":"<p>[et_pb_section fb_built=\u00a0\u00bb1&Prime; custom_padding_last_edited=\u00a0\u00bbon|phone\u00a0\u00bb _builder_version=\u00a0\u00bb4.27.4&Prime; background_color=\u00a0\u00bbRGBA(255,255,255,0)\u00a0\u00bb custom_margin=\u00a0\u00bb60px||0px||false|false\u00a0\u00bb custom_margin_tablet=\u00a0\u00bb-100px||||false|false\u00a0\u00bb custom_margin_phone=\u00a0\u00bb-50px||||false|false\u00a0\u00bb custom_margin_last_edited=\u00a0\u00bboff|desktop\u00a0\u00bb custom_padding=\u00a0\u00bb0px||60px||false|false\u00a0\u00bb custom_padding_tablet=\u00a0\u00bb0px||0px||false|false\u00a0\u00bb custom_padding_phone=\u00a0\u00bb0px||20px||false|false\u00a0\u00bb global_colors_info=\u00a0\u00bb{}\u00a0\u00bb][et_pb_row _builder_version=\u00a0\u00bb4.27.4&Prime; background_size=\u00a0\u00bbinitial\u00a0\u00bb background_position=\u00a0\u00bbtop_left\u00a0\u00bb background_repeat=\u00a0\u00bbrepeat\u00a0\u00bb custom_margin=\u00a0\u00bb40px||50px||false|false\u00a0\u00bb custom_margin_tablet=\u00a0\u00bb40px||40px||false|false\u00a0\u00bb custom_margin_phone=\u00a0\u00bb0px||||false|false\u00a0\u00bb custom_margin_last_edited=\u00a0\u00bbon|phone\u00a0\u00bb custom_padding=\u00a0\u00bb0px||0px||false|false\u00a0\u00bb global_colors_info=\u00a0\u00bb{}\u00a0\u00bb][et_pb_column type=\u00a0\u00bb4_4&Prime; _builder_version=\u00a0\u00bb4.27.4&Prime; custom_padding=\u00a0\u00bb0px|0px|0px|0px|false|false\u00a0\u00bb global_colors_info=\u00a0\u00bb{}\u00a0\u00bb custom_padding__hover=\u00a0\u00bb|||\u00a0\u00bb][et_pb_text content_tablet=\u00a0\u00bb<\/p>\n<h1>Lasag Laser<\/h1>\n<h2>Vous avez des probl\u00e8mes avec votre laser Lasag ? Ou vous avez besoin d&apos;un nouveau ? <\/h2>\n<p>\u00a0\u00bb content_phone=\u00a0\u00bb<\/p>\n<h1>Lasag Laser<\/h1>\n<h2>Vous avez des probl\u00e8mes avec votre laser Lasag ? Ou vous avez besoin d&apos;un nouveau ? <\/h2>\n<p>\u00a0\u00bb content_last_edited=\u00a0\u00bboff|desktop\u00a0\u00bb _builder_version=\u00a0\u00bb4.27.4&Prime; text_font=\u00a0\u00bb|-et_global_body_font_weight|||||||\u00a0\u00bb text_line_height=\u00a0\u00bb1.2em\u00a0\u00bb header_font=\u00a0\u00bb||||||||\u00a0\u00bb header_font_size=\u00a0\u00bb49px\u00a0\u00bb header_2_font=\u00a0\u00bb|300|||||||\u00a0\u00bb header_2_font_size=\u00a0\u00bb28px\u00a0\u00bb header_3_font=\u00a0\u00bb|700|||||||\u00a0\u00bb header_3_font_size=\u00a0\u00bb18px\u00a0\u00bb background_size=\u00a0\u00bbinitial\u00a0\u00bb background_position=\u00a0\u00bbtop_left\u00a0\u00bb background_repeat=\u00a0\u00bbrepeat\u00a0\u00bb width=\u00a0\u00bb80%\u00a0\u00bb custom_margin=\u00a0\u00bb0px||0px||false|false\u00a0\u00bb custom_padding=\u00a0\u00bb0px||0px||false|false\u00a0\u00bb header_font_size_tablet=\u00a0\u00bb45px\u00a0\u00bb header_font_size_phone=\u00a0\u00bb32px\u00a0\u00bb header_font_size_last_edited=\u00a0\u00bbon|phone\u00a0\u00bb header_2_font_size_tablet=\u00a0\u00bb28px\u00a0\u00bb header_2_font_size_phone=\u00a0\u00bb22px\u00a0\u00bb header_2_font_size_last_edited=\u00a0\u00bbon|desktop\u00a0\u00bb global_colors_info=\u00a0\u00bb{}\u00a0\u00bb]<\/p>\n<h1>Mentions l\u00e9gales<\/h1>\n<p>&nbsp;<\/p>\n<h2>Adresse de contact<\/h2>\n<p>Felastec GmbH<br \/>Eichzun 4, 3800 Unterseen<br \/>+41 31 954 11 70<br \/><a href=\"mailto:info@felastec.ch\">info@felastec.ch<\/a><\/p>\n<p>&nbsp;<\/p>\n<h2>Clause de non-responsabilit\u00e9<\/h2>\n<p>L&rsquo;auteur n&rsquo;assume aucune responsabilit\u00e9 quant \u00e0 la v\u00e9racit\u00e9, l&rsquo;exactitude, l&rsquo;actualit\u00e9, la fiabilit\u00e9 et l&rsquo;exhaustivit\u00e9 du contenu des informations.<\/p>\n<p>L&rsquo;auteur ne saurait \u00eatre tenu pour responsable des dommages mat\u00e9riels ou immat\u00e9riels qui pourraient \u00eatre caus\u00e9s par l&rsquo;acc\u00e8s aux informations diffus\u00e9es ou par leur utilisation ou non-utilisation, par le mauvais usage de la connexion ou par des probl\u00e8mes techniques.<\/p>\n<p>Toutes les offres sont sans engagement. L&rsquo;auteur se r\u00e9serve express\u00e9ment le droit de modifier, de compl\u00e9ter ou de supprimer des parties de pages ou l&rsquo;ensemble de l&rsquo;offre sans avis pr\u00e9alable, ou d&rsquo;en suspendre temporairement ou d\u00e9finitivement la publication. <\/p>\n<p>&nbsp;<\/p>\n<h2>Responsabilit\u00e9 des liens<\/h2>\n<p>Les renvois et liens vers des sites web de tiers ne rel\u00e8vent pas de notre responsabilit\u00e9. Nous d\u00e9clinons toute responsabilit\u00e9 pour de tels sites web. L&rsquo;acc\u00e8s \u00e0 ces sites et leur utilisation se font aux risques et p\u00e9rils de l&rsquo;utilisateur. <\/p>\n<p>&nbsp;<\/p>\n<h2>Droits d&rsquo;auteur<\/h2>\n<p>Les droits d&rsquo;auteur et tous les autres droits relatifs aux contenus, images, photos ou autres fichiers pr\u00e9sents sur le site Internet sont la propri\u00e9t\u00e9 exclusive de Felastec GmbH ou des titulaires de droits sp\u00e9cialement cit\u00e9s. L&rsquo;autorisation \u00e9crite des d\u00e9tenteurs des droits d&rsquo;auteur doit \u00eatre obtenue au pr\u00e9alable pour la reproduction de tout \u00e9l\u00e9ment. <\/p>\n<p>[\/et_pb_text][\/et_pb_column][\/et_pb_row][\/et_pb_section]<\/p>\n","protected":false},"excerpt":{"rendered":"<p>Mentions l\u00e9gales &nbsp; Adresse de contact Felastec GmbHEichzun 4, 3800 Unterseen+41 31 954 11 70info@felastec.ch &nbsp; Clause de non-responsabilit\u00e9 L&rsquo;auteur n&rsquo;assume aucune responsabilit\u00e9 quant \u00e0 la v\u00e9racit\u00e9, l&rsquo;exactitude, l&rsquo;actualit\u00e9, la fiabilit\u00e9 et l&rsquo;exhaustivit\u00e9 du contenu des informations. L&rsquo;auteur ne saurait \u00eatre tenu pour responsable des dommages mat\u00e9riels ou immat\u00e9riels qui pourraient \u00eatre caus\u00e9s par l&rsquo;acc\u00e8s [&hellip;]<\/p>\n","protected":false},"author":1,"featured_media":0,"parent":0,"menu_order":200,"comment_status":"closed","ping_status":"closed","template":"","meta":{"_et_pb_use_builder":"on","_et_pb_old_content":"","_et_gb_content_width":"","footnotes":""},"class_list":["post-1126","page","type-page","status-publish","hentry"],"yoast_head":"<!-- This site is optimized with the Yoast SEO Premium plugin v27.3 (Yoast SEO v27.3) - https:\/\/yoast.com\/product\/yoast-seo-premium-wordpress\/ -->\n<title>Votre partenaire pour les lasers Lasag : Felastec GmbH<\/title>\n<meta name=\"description\" content=\"Outre la vente de lasers Lasag, nous vous proposons \u00e9galement les services suivants : R\u00e9paration, pi\u00e8ces de rechange, service et formation\" \/>\n<meta name=\"robots\" content=\"index, follow, max-snippet:-1, max-image-preview:large, max-video-preview:-1\" \/>\n<link rel=\"canonical\" href=\"https:\/\/felastec.ch\/fr\/contact-2\/\" \/>\n<meta property=\"og:locale\" content=\"fr_FR\" \/>\n<meta property=\"og:type\" content=\"article\" \/>\n<meta property=\"og:title\" content=\"Mentions l\u00e9gales\" \/>\n<meta property=\"og:description\" content=\"Outre la vente de lasers Lasag, nous vous proposons \u00e9galement les services suivants : R\u00e9paration, pi\u00e8ces de rechange, service et formation\" \/>\n<meta property=\"og:url\" content=\"https:\/\/felastec.ch\/fr\/contact-2\/\" \/>\n<meta property=\"og:site_name\" content=\"Felastec GmbH\" \/>\n<meta property=\"article:modified_time\" content=\"2026-03-31T06:03:11+00:00\" \/>\n<meta name=\"twitter:card\" content=\"summary_large_image\" \/>\n<meta name=\"twitter:label1\" content=\"Dur\u00e9e de lecture estim\u00e9e\" \/>\n\t<meta name=\"twitter:data1\" content=\"3 minutes\" \/>\n<script type=\"application\/ld+json\" class=\"yoast-schema-graph\">{\"@context\":\"https:\\\/\\\/schema.org\",\"@graph\":[{\"@type\":\"WebPage\",\"@id\":\"https:\\\/\\\/felastec.ch\\\/fr\\\/contact-2\\\/\",\"url\":\"https:\\\/\\\/felastec.ch\\\/fr\\\/contact-2\\\/\",\"name\":\"Votre partenaire pour les lasers Lasag : Felastec GmbH\",\"isPartOf\":{\"@id\":\"https:\\\/\\\/felastec.ch\\\/fr\\\/#website\"},\"datePublished\":\"2025-05-15T14:19:00+00:00\",\"dateModified\":\"2026-03-31T06:03:11+00:00\",\"description\":\"Outre la vente de lasers Lasag, nous vous proposons \u00e9galement les services suivants : R\u00e9paration, pi\u00e8ces de rechange, service et formation\",\"breadcrumb\":{\"@id\":\"https:\\\/\\\/felastec.ch\\\/fr\\\/contact-2\\\/#breadcrumb\"},\"inLanguage\":\"fr-FR\",\"potentialAction\":[{\"@type\":\"ReadAction\",\"target\":[\"https:\\\/\\\/felastec.ch\\\/fr\\\/contact-2\\\/\"]}]},{\"@type\":\"BreadcrumbList\",\"@id\":\"https:\\\/\\\/felastec.ch\\\/fr\\\/contact-2\\\/#breadcrumb\",\"itemListElement\":[{\"@type\":\"ListItem\",\"position\":1,\"name\":\"Startseite\",\"item\":\"https:\\\/\\\/felastec.ch\\\/fr\\\/\"},{\"@type\":\"ListItem\",\"position\":2,\"name\":\"Mentions l\u00e9gales\"}]},{\"@type\":\"WebSite\",\"@id\":\"https:\\\/\\\/felastec.ch\\\/fr\\\/#website\",\"url\":\"https:\\\/\\\/felastec.ch\\\/fr\\\/\",\"name\":\"Felastec\",\"description\":\"Laser Applications &amp; Services\",\"publisher\":{\"@id\":\"https:\\\/\\\/felastec.ch\\\/fr\\\/#organization\"},\"potentialAction\":[{\"@type\":\"SearchAction\",\"target\":{\"@type\":\"EntryPoint\",\"urlTemplate\":\"https:\\\/\\\/felastec.ch\\\/fr\\\/?s={search_term_string}\"},\"query-input\":{\"@type\":\"PropertyValueSpecification\",\"valueRequired\":true,\"valueName\":\"search_term_string\"}}],\"inLanguage\":\"fr-FR\"},{\"@type\":\"Organization\",\"@id\":\"https:\\\/\\\/felastec.ch\\\/fr\\\/#organization\",\"name\":\"Felastec GmbH\",\"url\":\"https:\\\/\\\/felastec.ch\\\/fr\\\/\",\"logo\":{\"@type\":\"ImageObject\",\"inLanguage\":\"fr-FR\",\"@id\":\"https:\\\/\\\/felastec.ch\\\/fr\\\/#\\\/schema\\\/logo\\\/image\\\/\",\"url\":\"https:\\\/\\\/felastec.ch\\\/wp-content\\\/uploads\\\/felastec_logo_rgb.png\",\"contentUrl\":\"https:\\\/\\\/felastec.ch\\\/wp-content\\\/uploads\\\/felastec_logo_rgb.png\",\"width\":2362,\"height\":631,\"caption\":\"Felastec GmbH\"},\"image\":{\"@id\":\"https:\\\/\\\/felastec.ch\\\/fr\\\/#\\\/schema\\\/logo\\\/image\\\/\"}}]}<\/script>\n<!-- \/ Yoast SEO Premium plugin. -->","yoast_head_json":{"title":"Votre partenaire pour les lasers Lasag : Felastec GmbH","description":"Outre la vente de lasers Lasag, nous vous proposons \u00e9galement les services suivants : R\u00e9paration, pi\u00e8ces de rechange, service et formation","robots":{"index":"index","follow":"follow","max-snippet":"max-snippet:-1","max-image-preview":"max-image-preview:large","max-video-preview":"max-video-preview:-1"},"canonical":"https:\/\/felastec.ch\/fr\/contact-2\/","og_locale":"fr_FR","og_type":"article","og_title":"Mentions l\u00e9gales","og_description":"Outre la vente de lasers Lasag, nous vous proposons \u00e9galement les services suivants : R\u00e9paration, pi\u00e8ces de rechange, service et formation","og_url":"https:\/\/felastec.ch\/fr\/contact-2\/","og_site_name":"Felastec GmbH","article_modified_time":"2026-03-31T06:03:11+00:00","twitter_card":"summary_large_image","twitter_misc":{"Dur\u00e9e de lecture estim\u00e9e":"3 minutes"},"schema":{"@context":"https:\/\/schema.org","@graph":[{"@type":"WebPage","@id":"https:\/\/felastec.ch\/fr\/contact-2\/","url":"https:\/\/felastec.ch\/fr\/contact-2\/","name":"Votre partenaire pour les lasers Lasag : Felastec GmbH","isPartOf":{"@id":"https:\/\/felastec.ch\/fr\/#website"},"datePublished":"2025-05-15T14:19:00+00:00","dateModified":"2026-03-31T06:03:11+00:00","description":"Outre la vente de lasers Lasag, nous vous proposons \u00e9galement les services suivants : R\u00e9paration, pi\u00e8ces de rechange, service et formation","breadcrumb":{"@id":"https:\/\/felastec.ch\/fr\/contact-2\/#breadcrumb"},"inLanguage":"fr-FR","potentialAction":[{"@type":"ReadAction","target":["https:\/\/felastec.ch\/fr\/contact-2\/"]}]},{"@type":"BreadcrumbList","@id":"https:\/\/felastec.ch\/fr\/contact-2\/#breadcrumb","itemListElement":[{"@type":"ListItem","position":1,"name":"Startseite","item":"https:\/\/felastec.ch\/fr\/"},{"@type":"ListItem","position":2,"name":"Mentions l\u00e9gales"}]},{"@type":"WebSite","@id":"https:\/\/felastec.ch\/fr\/#website","url":"https:\/\/felastec.ch\/fr\/","name":"Felastec","description":"Laser Applications &amp; Services","publisher":{"@id":"https:\/\/felastec.ch\/fr\/#organization"},"potentialAction":[{"@type":"SearchAction","target":{"@type":"EntryPoint","urlTemplate":"https:\/\/felastec.ch\/fr\/?s={search_term_string}"},"query-input":{"@type":"PropertyValueSpecification","valueRequired":true,"valueName":"search_term_string"}}],"inLanguage":"fr-FR"},{"@type":"Organization","@id":"https:\/\/felastec.ch\/fr\/#organization","name":"Felastec GmbH","url":"https:\/\/felastec.ch\/fr\/","logo":{"@type":"ImageObject","inLanguage":"fr-FR","@id":"https:\/\/felastec.ch\/fr\/#\/schema\/logo\/image\/","url":"https:\/\/felastec.ch\/wp-content\/uploads\/felastec_logo_rgb.png","contentUrl":"https:\/\/felastec.ch\/wp-content\/uploads\/felastec_logo_rgb.png","width":2362,"height":631,"caption":"Felastec GmbH"},"image":{"@id":"https:\/\/felastec.ch\/fr\/#\/schema\/logo\/image\/"}}]}},"_links":{"self":[{"href":"https:\/\/felastec.ch\/fr\/wp-json\/wp\/v2\/pages\/1126","targetHints":{"allow":["GET"]}}],"collection":[{"href":"https:\/\/felastec.ch\/fr\/wp-json\/wp\/v2\/pages"}],"about":[{"href":"https:\/\/felastec.ch\/fr\/wp-json\/wp\/v2\/types\/page"}],"author":[{"embeddable":true,"href":"https:\/\/felastec.ch\/fr\/wp-json\/wp\/v2\/users\/1"}],"replies":[{"embeddable":true,"href":"https:\/\/felastec.ch\/fr\/wp-json\/wp\/v2\/comments?post=1126"}],"version-history":[{"count":92,"href":"https:\/\/felastec.ch\/fr\/wp-json\/wp\/v2\/pages\/1126\/revisions"}],"predecessor-version":[{"id":7314,"href":"https:\/\/felastec.ch\/fr\/wp-json\/wp\/v2\/pages\/1126\/revisions\/7314"}],"wp:attachment":[{"href":"https:\/\/felastec.ch\/fr\/wp-json\/wp\/v2\/media?parent=1126"}],"curies":[{"name":"wp","href":"https:\/\/api.w.org\/{rel}","templated":true}]}}